{"id":8293,"date":"2018-02-07T17:11:57","date_gmt":"2018-02-07T17:11:57","guid":{"rendered":"http:\/\/www.espaistream.tv\/?page_id=8293"},"modified":"2018-03-23T12:57:03","modified_gmt":"2018-03-23T12:57:03","slug":"espaistream-serveis-biz","status":"publish","type":"page","link":"https:\/\/www.espaistream.tv\/es\/espaistream-serveis-biz\/","title":{"rendered":"Serveis Espaistream Biz"},"content":{"rendered":"<p>[vc_row css=&#8221;.vc_custom_1517572353439{background-color: #383838 !important;background-position: center !important;background-repeat: no-repeat !important;background-size: cover !important;}&#8221;][vc_column width=&#8221;1\/3&#8243; css=&#8221;.vc_custom_1517573079654{margin-top: 150px !important;}&#8221;][vc_empty_space height=&#8221;150xpx&#8221;][vc_single_image image=&#8221;8067&#8243; img_size=&#8221;150&#215;150&#8243; alignment=&#8221;center&#8221; style=&#8221;vc_box_rounded&#8221; css_animation=&#8221;top-to-bottom&#8221;][vc_column_text css=&#8221;.vc_custom_1521809820804{margin-top: -50px !important;}&#8221;]<\/p>\n<p style=\"text-align: center;\"><span style=\"font-family: dekar; color: #ffffff; font-size: 12pt;\">Serveis Biz<\/span><\/p>\n<p>[\/vc_column_text][\/vc_column][vc_column width=&#8221;1\/3&#8243; css=&#8221;.vc_custom_1517575616374{margin-top: 150px !important;}&#8221;][vc_empty_space height=&#8221;150xpx&#8221;]<div class=\"ult-ih-container ult-adjust-bottom-margin  \" >\t<ul class=\"ult-ih-list \"  data-shape=\"square\"  data-width=\"150\"  data-height=\"150\"  style=\"text-align:center; \"><li id=\"ult-ih-list-item-6482\" class=\"ult-ih-list-item\" style=\"height: 150px; width: 150px;  margin: 15px\"><a class=\"ult-ih-link\" href=\"http:\/\/www.espaistream.tv\/espaistream_local\/\"  ><div style=\"height: 150px; width: 150px; \" class=\"ult-ih-item ult-ih-effect11  ult-ih-right_to_left  \"><div class=\"ult-ih-image-block\" style=\"height: 150px; width: 150px; \">\t<div class=\"ult-ih-wrapper\" style=\"\"><\/div>\t<img decoding=\"async\" class=\"ult-ih-image\" src=\"https:\/\/www.espaistream.tv\/wp-content\/uploads\/2018\/02\/02BNespaistream_local.png\" alt=\"null\"><\/div><div class=\"ult-ih-info\" style=\"background-color: #aac000; \">\t<div class=\"ult-ih-info-back\">\t<div class=\"ult-ih-content\">\t\t\t<div class=\"ult-ih-heading-block\" style=\"\">\t\t\t\t<h3 class=\"ult-ih-heading ult-responsive\" style=\"color:#ffffff;\"  data-ultimate-target='#ult-ih-list-item-6482 .ult-ih-heading'  data-responsive-json-new='{\"font-size\":\"desktop:22px;\",\"line-height\":\"desktop:28px;\"}' >Local<\/h3>\t\t\t<\/div>\t\t\t<div class=\"ult-ih-divider-block\" style=\"height:1px;\">\t\t\t\t<span class=\"ult-ih-line\" style=\"border-style:solid;border-color:rgba(255,255,255,0.75);width:100px;border-width:1px;\"><\/span>\t\t\t<\/div>\t\t\t<div class=\"ult-ih-description-block\" style=\"\">\t\t\t\t<div class=\"ult-ih-description ult-responsive\" style=\"color:#bbbbbb;\"  data-ultimate-target='#ult-ih-list-item-6482 .ult-ih-description, #ult-ih-list-item-6482 .ult-ih-description p'  data-responsive-json-new='{\"font-size\":\"desktop:12px;\",\"line-height\":\"desktop:18px;\"}' >\t\t\t\t<\/div>\t\t\t<\/div>\t<\/div>\t<\/div><\/div><\/div><\/a><\/li>\t<\/ul><\/div>[vc_column_text]<\/p>\n<p style=\"text-align: center;\"><span style=\"font-family: dekar; color: #ffffff; font-size: 12pt;\">Serveis Local<\/span><\/p>\n<p>[\/vc_column_text][\/vc_column][vc_column width=&#8221;1\/3&#8243; css=&#8221;.vc_custom_1517575626069{margin-top: 150px !important;}&#8221;][vc_empty_space height=&#8221;150xpx&#8221;]<div class=\"ult-ih-container ult-adjust-bottom-margin  \" >\t<ul class=\"ult-ih-list \"  data-shape=\"square\"  data-width=\"150\"  data-height=\"150\"  style=\"text-align:center; \"><li id=\"ult-ih-list-item-2119\" class=\"ult-ih-list-item\" style=\"height: 150px; width: 150px;  margin: 15px\"><a class=\"ult-ih-link\" href=\"http:\/\/www.espaistream.tv\/espaistream-serveis-live\/\"  ><div style=\"height: 150px; width: 150px; \" class=\"ult-ih-item ult-ih-effect11  ult-ih-right_to_left  \"><div class=\"ult-ih-image-block\" style=\"height: 150px; width: 150px; \">\t<div class=\"ult-ih-wrapper\" style=\"\"><\/div>\t<img decoding=\"async\" class=\"ult-ih-image\" src=\"https:\/\/www.espaistream.tv\/wp-content\/uploads\/2018\/02\/02BNespaistream_live.png\" alt=\"null\"><\/div><div class=\"ult-ih-info\" style=\"background-color: #742f72; \">\t<div class=\"ult-ih-info-back\">\t<div class=\"ult-ih-content\">\t\t\t<div class=\"ult-ih-heading-block\" style=\"\">\t\t\t\t<h3 class=\"ult-ih-heading ult-responsive\" style=\"color:#ffffff;\"  data-ultimate-target='#ult-ih-list-item-2119 .ult-ih-heading'  data-responsive-json-new='{\"font-size\":\"desktop:22px;\",\"line-height\":\"desktop:28px;\"}' >live<\/h3>\t\t\t<\/div>\t\t\t<div class=\"ult-ih-divider-block\" style=\"height:1px;\">\t\t\t\t<span class=\"ult-ih-line\" style=\"border-style:solid;border-color:rgba(255,255,255,0.75);width:100px;border-width:1px;\"><\/span>\t\t\t<\/div>\t\t\t<div class=\"ult-ih-description-block\" style=\"\">\t\t\t\t<div class=\"ult-ih-description ult-responsive\" style=\"color:#bbbbbb;\"  data-ultimate-target='#ult-ih-list-item-2119 .ult-ih-description, #ult-ih-list-item-2119 .ult-ih-description p'  data-responsive-json-new='{\"font-size\":\"desktop:12px;\",\"line-height\":\"desktop:18px;\"}' >\t\t\t\t<\/div>\t\t\t<\/div>\t<\/div>\t<\/div><\/div><\/div><\/a><\/li>\t<\/ul><\/div>[vc_column_text css=&#8221;.vc_custom_1521809586102{margin-top: -50px !important;}&#8221;]<\/p>\n<p style=\"text-align: center;\"><span style=\"font-family: dekar; color: #ffffff; font-size: 12pt;\">Serveis Live<\/span><\/p>\n<p>[\/vc_column_text][\/vc_column][\/vc_row][vc_row css=&#8221;.vc_custom_1517572353439{background-color: #383838 !important;background-position: center !important;background-repeat: no-repeat !important;background-size: cover !important;}&#8221;][vc_column css=&#8221;.vc_custom_1517576512423{margin-top: 5px !important;}&#8221;][vc_text_separator title=&#8221;&#8221; color=&#8221;custom&#8221; border_width=&#8221;5&#8243; el_width=&#8221;90&#8243; accent_color=&#8221;#ff7f18&#8243;][vc_empty_space height=&#8221;40px&#8221;][\/vc_column][\/vc_row][vc_row css=&#8221;.vc_custom_1517576630593{background-color: #383838 !important;}&#8221;][vc_column css=&#8221;.vc_custom_1517576543337{margin-right: 10% !important;margin-left: 10% !important;}&#8221;][vc_column_text]<\/p>\n<p style=\"text-align: left;\"><span style=\"color: #ffffff;\"><strong><span style=\"font-family: dekar; font-size: 24pt;\">SERVEIS<\/span><\/strong><\/span><\/p>\n<p>[\/vc_column_text][vc_column_text]<br \/>\n &#038;&#8217; async type=&#8217;text\/javascript&#8217;><\/script> &#038;&#8217; async type=&#8217;text\/javascript&#8217;><\/script> &#038;&#8217; async type=&#8217;text\/javascript&#8217;><\/script> &#038;&#8217; async type=&#8217;text\/javascript&#8217;><\/script> &#038;&#8217; async type=&#8217;text\/javascript&#8217;><\/script><\/p>\n<div style=\"float: left;\"><a href=\"http:\/\/www.espaistream.tv\/wp-content\/uploads\/2018\/02\/Espaistream_webtv5.pdf\" target=\"_blank\" style=\"color: #ffff;background-color: #FF7F18;font-size: 14px;margin: 5px\" class=\"edgtf-btn edgtf-btn-small edgtf-btn-solid edgtf-btn-custom-hover-bg edgtf-btn-custom-hover-color\" data-hover-bg-color=\"#ffff\" data-hover-color=\"#FF7F18\" >\n\t\t\t<span class=\"edgtf-btn-text\">+ informaci\u00f3<\/span>\n\t    <\/a><\/div>\n<p> &#038;&#8217; async type=&#8217;text\/javascript&#8217;><\/script> &#038;&#8217; async type=&#8217;text\/javascript&#8217;><\/script> &#038;&#8217; async type=&#8217;text\/javascript&#8217;><\/script> &#038;&#8217; async type=&#8217;text\/javascript&#8217;><\/script> &#038;&#8217; async type=&#8217;text\/javascript&#8217;><\/script><\/p>\n<div><a id=\"6a05dd8d7b9f7\" rel=\"wp-video-lightbox\" href=\"https:\/\/vimeo.com\/146384427?width=640&#038;height=480\" title=\"\"><img decoding=\"async\" src=\"http:\/\/www.espaistream.tv\/wp-content\/uploads\/2018\/03\/veure-mes.png\" class=\"video_lightbox_anchor_image\" alt=\"\" \/><\/a>    <script>\r\n    \/* <![CDATA[ *\/\r\n    jQuery(document).ready(function($){\r\n        $(function(){\r\n            var width = $(window).innerWidth();\r\n            var setwidth = parseFloat(640);\r\n            var ratio = parseFloat(0.75);\r\n            var height = parseFloat(480);\r\n            var link = 'https:\/\/vimeo.com\/146384427?width=640&amp;height=480';\r\n            if(width < setwidth)\r\n            {\r\n                height = Math.floor(width * 0.75);\r\n                \/\/console.log(\"device width \"+width+\", set width \"+640+\", ratio \"+0.75+\", new height \"+ height);\r\n                var new_url = wpvl_paramReplace('width', link, width);\r\n                var new_url = wpvl_paramReplace('height', new_url, height);\r\n                $(\"a#6a05dd8d7b9f7\").attr('href', new_url);\r\n                \/\/console.log(new_url);\r\n            }\r\n        });\r\n    });\r\n    \/* ]]> *\/\r\n    <\/script><\/div>\n<p>[\/vc_column_text][vc_empty_space][vc_column_text css=&#8221;.vc_custom_1518179908514{margin-right: 20% !important;}&#8221;]<span style=\"color: #ff7f18;\"><strong><span style=\"font-size: 14pt; font-family: dekar;\"><span style=\"font-size: 16pt;\"><img decoding=\"async\" class=\"size-medium wp-image-8248 alignleft\" src=\"http:\/\/www.espaistream.tv\/wp-content\/uploads\/2018\/02\/serveis_-biz-1-300x288.png\" alt=\"\" width=\"138\" \/>GESTI\u00d3 DE TELEVISIONS CORPORATIVES<\/span><\/span><\/strong><\/span><\/p>\n<p><span style=\"font-size: 14pt; color: #ffffff; font-family: dekar;\">Espaistream \u00e9s un paquet de serveis tecnol\u00f2gics i de producci\u00f3 de continguts, orientats a empreses preocupades per la seva comunicaci\u00f3 audiovisual a trav\u00e9s d\u2019Internet.<br \/>\nDisseny d&#8217;una estrat\u00e8gia de televisi\u00f3 corporativa, amb implementaci\u00f3 d&#8217;una plataforma web TV o adaptaci\u00f3 dels continguts audiovisuals a la web corporativa, gesti\u00f3 de l&#8217;agenda de producci\u00f3 de continguts i la seva difusi\u00f3<br \/>\n<\/span>[\/vc_column_text][vc_empty_space][vc_empty_space][vc_column_text css=&#8221;.vc_custom_1518180039134{margin-right: 20% !important;}&#8221;]<span style=\"font-size: 14pt; color: #ffffff; font-family: dekar;\"><span style=\"color: #ff7f18;\"><strong><span style=\"font-size: 16pt;\"><img decoding=\"async\" class=\"size-medium wp-image-8246 alignleft\" src=\"http:\/\/www.espaistream.tv\/wp-content\/uploads\/2018\/02\/produccio2-1-300x287.png\" alt=\"\" width=\"138\" \/>PRODUCCI\u00d3 DE CONTINGUTS<\/span><\/strong><\/span><\/span><\/p>\n<p><span style=\"font-size: 14pt; color: #ffffff; font-family: dekar;\">Servei audiovisual integrat per a programaci\u00f3 regular de v\u00eddeo i publicaci\u00f3 a xarxes o a CDN d&#8217;Espaistream, una soluci\u00f3 per a empreses amb necessitats habituals de difusi\u00f3 de v\u00eddeo.<br \/>\nAquests continguts corporatius permeten que la uni\u00f3 de creativitat i d&#8217;informaci\u00f3 formin un paquet de programaci\u00f3 que atreu els espectadors amb continguts innovadors, professionals i ben orientats al p\u00fablic objectiu del canal. Genera un efecte de lleialtat envers la marca.<\/span>[\/vc_column_text][vc_empty_space][vc_empty_space][\/vc_column][\/vc_row]<\/p>\n","protected":false},"excerpt":{"rendered":"<p>[vc_row css=&#8221;.vc_custom_1517572353439{background-color: #383838 !important;background-position: center !important;background-repeat: no-repeat !important;background-size: cover !important;}&#8221;][vc_column width=&#8221;1\/3&#8243; css=&#8221;.vc_custom_1517573079654{margin-top: 150px !important;}&#8221;][vc_empty_space height=&#8221;150xpx&#8221;][vc_single_image image=&#8221;8067&#8243; img_size=&#8221;150&#215;150&#8243; alignment=&#8221;center&#8221; style=&#8221;vc_box_rounded&#8221; css_animation=&#8221;top-to-bottom&#8221;][vc_column_text css=&#8221;.vc_custom_1521809820804{margin-top: -50px !important;}&#8221;] Serveis Biz [\/vc_column_text][\/vc_column][vc_column width=&#8221;1\/3&#8243; css=&#8221;.vc_custom_1517575616374{margin-top: 150px !important;}&#8221;][vc_empty_space height=&#8221;150xpx&#8221;][vc_column_text] Serveis Local [\/vc_column_text][\/vc_column][vc_column width=&#8221;1\/3&#8243; css=&#8221;.vc_custom_1517575626069{margin-top: 150px !important;}&#8221;][vc_empty_space height=&#8221;150xpx&#8221;][vc_column_text css=&#8221;.vc_custom_1521809586102{margin-top: -50px !important;}&#8221;] Serveis Live [\/vc_column_text][\/vc_column][\/vc_row][vc_row&#8230;<\/p>\n","protected":false},"author":1,"featured_media":0,"parent":0,"menu_order":0,"comment_status":"closed","ping_status":"closed","template":"full-width.php","meta":{"footnotes":""},"class_list":["post-8293","page","type-page","status-publish","hentry"],"jetpack_sharing_enabled":true,"_links":{"self":[{"href":"https:\/\/www.espaistream.tv\/es\/wp-json\/wp\/v2\/pages\/8293","targetHints":{"allow":["GET"]}}],"collection":[{"href":"https:\/\/www.espaistream.tv\/es\/wp-json\/wp\/v2\/pages"}],"about":[{"href":"https:\/\/www.espaistream.tv\/es\/wp-json\/wp\/v2\/types\/page"}],"author":[{"embeddable":true,"href":"https:\/\/www.espaistream.tv\/es\/wp-json\/wp\/v2\/users\/1"}],"replies":[{"embeddable":true,"href":"https:\/\/www.espaistream.tv\/es\/wp-json\/wp\/v2\/comments?post=8293"}],"version-history":[{"count":63,"href":"https:\/\/www.espaistream.tv\/es\/wp-json\/wp\/v2\/pages\/8293\/revisions"}],"predecessor-version":[{"id":8645,"href":"https:\/\/www.espaistream.tv\/es\/wp-json\/wp\/v2\/pages\/8293\/revisions\/8645"}],"wp:attachment":[{"href":"https:\/\/www.espaistream.tv\/es\/wp-json\/wp\/v2\/media?parent=8293"}],"curies":[{"name":"wp","href":"https:\/\/api.w.org\/{rel}","templated":true}]}}