{"id":8224,"date":"2018-02-05T12:14:06","date_gmt":"2018-02-05T12:14:06","guid":{"rendered":"http:\/\/www.espaistream.tv\/?page_id=8224"},"modified":"2018-03-23T12:54:28","modified_gmt":"2018-03-23T12:54:28","slug":"espaistream-serveis-local","status":"publish","type":"page","link":"https:\/\/www.espaistream.tv\/es\/espaistream-serveis-local\/","title":{"rendered":"Serveis Espaistream Local"},"content":{"rendered":"<p>[vc_row css=&#8221;.vc_custom_1517572353439{background-color: #383838 !important;background-position: center !important;background-repeat: no-repeat !important;background-size: cover !important;}&#8221;][vc_column width=&#8221;1\/3&#8243; css=&#8221;.vc_custom_1517573079654{margin-top: 150px !important;}&#8221;][vc_empty_space height=&#8221;150xpx&#8221;]<div class=\"ult-ih-container ult-adjust-bottom-margin  \" >\t<ul class=\"ult-ih-list \"  data-shape=\"square\"  data-width=\"150\"  data-height=\"150\"  style=\"text-align:center; \"><li id=\"ult-ih-list-item-8023\" class=\"ult-ih-list-item\" style=\"height: 150px; width: 150px;  margin: 15px\"><a class=\"ult-ih-link\" href=\"http:\/\/www.espaistream.tv\/espaistream-serveis-biz\/\"  ><div style=\"height: 150px; width: 150px; \" class=\"ult-ih-item ult-ih-effect11  ult-ih-right_to_left  \"><div class=\"ult-ih-image-block\" style=\"height: 150px; width: 150px; \">\t<div class=\"ult-ih-wrapper\" style=\"\"><\/div>\t<img decoding=\"async\" class=\"ult-ih-image\" src=\"https:\/\/www.espaistream.tv\/wp-content\/uploads\/2018\/02\/02BN_espaistream_biz.png\" alt=\"null\"><\/div><div class=\"ult-ih-info\" style=\"background-color: #ff7f18; \">\t<div class=\"ult-ih-info-back\">\t<div class=\"ult-ih-content\">\t\t\t<div class=\"ult-ih-heading-block\" style=\"\">\t\t\t\t<h3 class=\"ult-ih-heading ult-responsive\" style=\"color:#ffffff;\"  data-ultimate-target='#ult-ih-list-item-8023 .ult-ih-heading'  data-responsive-json-new='{\"font-size\":\"desktop:22px;\",\"line-height\":\"desktop:28px;\"}' >biz<\/h3>\t\t\t<\/div>\t\t\t<div class=\"ult-ih-divider-block\" style=\"height:1px;\">\t\t\t\t<span class=\"ult-ih-line\" style=\"border-style:solid;border-color:rgba(255,255,255,0.75);width:100px;border-width:1px;\"><\/span>\t\t\t<\/div>\t\t\t<div class=\"ult-ih-description-block\" style=\"\">\t\t\t\t<div class=\"ult-ih-description ult-responsive\" style=\"color:#bbbbbb;\"  data-ultimate-target='#ult-ih-list-item-8023 .ult-ih-description, #ult-ih-list-item-8023 .ult-ih-description p'  data-responsive-json-new='{\"font-size\":\"desktop:12px;\",\"line-height\":\"desktop:18px;\"}' >\t\t\t\t<\/div>\t\t\t<\/div>\t<\/div>\t<\/div><\/div><\/div><\/a><\/li>\t<\/ul><\/div>[vc_column_text css=&#8221;.vc_custom_1521809455215{margin-top: -50px !important;}&#8221;]<\/p>\n<p style=\"text-align: center;\"><span style=\"font-family: dekar; color: #ffffff; font-size: 12pt;\">Serveis Biz<\/span><\/p>\n<p>[\/vc_column_text][\/vc_column][vc_column width=&#8221;1\/3&#8243; css=&#8221;.vc_custom_1517575616374{margin-top: 150px !important;}&#8221;][vc_empty_space height=&#8221;150xpx&#8221;][vc_single_image image=&#8221;8069&#8243; img_size=&#8221;150&#215;150&#8243; alignment=&#8221;center&#8221; style=&#8221;vc_box_rounded&#8221; css_animation=&#8221;top-to-bottom&#8221;][vc_column_text]<\/p>\n<p style=\"text-align: center;\"><span style=\"font-family: dekar; color: #ffffff; font-size: 12pt;\">Serveis Local<\/span><\/p>\n<p>[\/vc_column_text][\/vc_column][vc_column width=&#8221;1\/3&#8243; css=&#8221;.vc_custom_1517575626069{margin-top: 150px !important;}&#8221;][vc_empty_space height=&#8221;150xpx&#8221;]<div class=\"ult-ih-container ult-adjust-bottom-margin  \" >\t<ul class=\"ult-ih-list \"  data-shape=\"square\"  data-width=\"150\"  data-height=\"150\"  style=\"text-align:center; \"><li id=\"ult-ih-list-item-6109\" class=\"ult-ih-list-item\" style=\"height: 150px; width: 150px;  margin: 15px\"><a class=\"ult-ih-link\" href=\"http:\/\/www.espaistream.tv\/espaistream-serveis-live\/\"  ><div style=\"height: 150px; width: 150px; \" class=\"ult-ih-item ult-ih-effect11  ult-ih-right_to_left  \"><div class=\"ult-ih-image-block\" style=\"height: 150px; width: 150px; \">\t<div class=\"ult-ih-wrapper\" style=\"\"><\/div>\t<img decoding=\"async\" class=\"ult-ih-image\" src=\"https:\/\/www.espaistream.tv\/wp-content\/uploads\/2018\/02\/02BNespaistream_live.png\" alt=\"null\"><\/div><div class=\"ult-ih-info\" style=\"background-color: #742f72; \">\t<div class=\"ult-ih-info-back\">\t<div class=\"ult-ih-content\">\t\t\t<div class=\"ult-ih-heading-block\" style=\"\">\t\t\t\t<h3 class=\"ult-ih-heading ult-responsive\" style=\"color:#ffffff;\"  data-ultimate-target='#ult-ih-list-item-6109 .ult-ih-heading'  data-responsive-json-new='{\"font-size\":\"desktop:22px;\",\"line-height\":\"desktop:28px;\"}' >live<\/h3>\t\t\t<\/div>\t\t\t<div class=\"ult-ih-divider-block\" style=\"height:1px;\">\t\t\t\t<span class=\"ult-ih-line\" style=\"border-style:solid;border-color:rgba(255,255,255,0.75);width:100px;border-width:1px;\"><\/span>\t\t\t<\/div>\t\t\t<div class=\"ult-ih-description-block\" style=\"\">\t\t\t\t<div class=\"ult-ih-description ult-responsive\" style=\"color:#bbbbbb;\"  data-ultimate-target='#ult-ih-list-item-6109 .ult-ih-description, #ult-ih-list-item-6109 .ult-ih-description p'  data-responsive-json-new='{\"font-size\":\"desktop:12px;\",\"line-height\":\"desktop:18px;\"}' >\t\t\t\t<\/div>\t\t\t<\/div>\t<\/div>\t<\/div><\/div><\/div><\/a><\/li>\t<\/ul><\/div>[vc_column_text css=&#8221;.vc_custom_1521809465805{margin-top: -50px !important;}&#8221;]<\/p>\n<p style=\"text-align: center;\"><span style=\"font-family: dekar; color: #ffffff; font-size: 12pt;\">Serveis Live<\/span><\/p>\n<p>[\/vc_column_text][\/vc_column][\/vc_row][vc_row css=&#8221;.vc_custom_1517572353439{background-color: #383838 !important;background-position: center !important;background-repeat: no-repeat !important;background-size: cover !important;}&#8221;][vc_column css=&#8221;.vc_custom_1517576512423{margin-top: 5px !important;}&#8221;][vc_text_separator title=&#8221;&#8221; color=&#8221;custom&#8221; border_width=&#8221;5&#8243; el_width=&#8221;90&#8243; accent_color=&#8221;#aac000&#8243;][vc_empty_space height=&#8221;40px&#8221;][\/vc_column][\/vc_row][vc_row css=&#8221;.vc_custom_1517576630593{background-color: #383838 !important;}&#8221;][vc_column css=&#8221;.vc_custom_1517576543337{margin-right: 10% !important;margin-left: 10% !important;}&#8221;][vc_column_text]<br \/>\n &#038;&#8217; async type=&#8217;text\/javascript&#8217;><\/script> &#038;&#8217; async type=&#8217;text\/javascript&#8217;><\/script> &#038;&#8217; async type=&#8217;text\/javascript&#8217;><\/script> &#038;&#8217; async type=&#8217;text\/javascript&#8217;><\/script> &#038;&#8217; async type=&#8217;text\/javascript&#8217;><\/script><\/p>\n<div style=\"float: left;\"><a href=\"http:\/\/www.espaistream.tv\/wp-content\/uploads\/2018\/02\/preus-espaistream-Local-TV.pdf\" target=\"_blank\" style=\"color: #ffff;background-color: #AAC000;font-size: 14px;margin: 5px\" class=\"edgtf-btn edgtf-btn-small edgtf-btn-solid edgtf-btn-custom-hover-bg edgtf-btn-custom-hover-color\" data-hover-bg-color=\"#ffff\" data-hover-color=\"#AAC000\" >\n\t\t\t<span class=\"edgtf-btn-text\">+ informaci\u00f3<\/span>\n\t    <\/a><\/div>\n<p> &#038;&#8217; async type=&#8217;text\/javascript&#8217;><\/script> &#038;&#8217; async type=&#8217;text\/javascript&#8217;><\/script> &#038;&#8217; async type=&#8217;text\/javascript&#8217;><\/script> &#038;&#8217; async type=&#8217;text\/javascript&#8217;><\/script> &#038;&#8217; async type=&#8217;text\/javascript&#8217;><\/script><\/p>\n<div><a id=\"6a05ce11df37a\" rel=\"wp-video-lightbox\" href=\"https:\/\/vimeo.com\/146384427?width=640&#038;height=480\" title=\"\"><img decoding=\"async\" src=\"http:\/\/www.espaistream.tv\/wp-content\/uploads\/2018\/03\/veure-mes.png\" class=\"video_lightbox_anchor_image\" alt=\"\" \/><\/a>    <script>\r\n    \/* <![CDATA[ *\/\r\n    jQuery(document).ready(function($){\r\n        $(function(){\r\n            var width = $(window).innerWidth();\r\n            var setwidth = parseFloat(640);\r\n            var ratio = parseFloat(0.75);\r\n            var height = parseFloat(480);\r\n            var link = 'https:\/\/vimeo.com\/146384427?width=640&amp;height=480';\r\n            if(width < setwidth)\r\n            {\r\n                height = Math.floor(width * 0.75);\r\n                \/\/console.log(\"device width \"+width+\", set width \"+640+\", ratio \"+0.75+\", new height \"+ height);\r\n                var new_url = wpvl_paramReplace('width', link, width);\r\n                var new_url = wpvl_paramReplace('height', new_url, height);\r\n                $(\"a#6a05ce11df37a\").attr('href', new_url);\r\n                \/\/console.log(new_url);\r\n            }\r\n        });\r\n    });\r\n    \/* ]]> *\/\r\n    <\/script><\/div>\n<p>[\/vc_column_text][vc_empty_space][vc_column_text css=&#8221;.vc_custom_1518770659773{margin-right: 20% !important;}&#8221;]<img decoding=\"async\" class=\"size-medium wp-image-8227 alignleft\" src=\"http:\/\/www.espaistream.tv\/wp-content\/uploads\/2018\/02\/serveis_-biz-300x288.png\" alt=\"\" width=\"138\" \/><\/p>\n<p><strong><span style=\"font-size: 14pt; color: #ffffff; font-family: dekar;\"><span style=\"font-size: 16pt; color: #99cc00;\">GESTI\u00d3 DE TELEVISIONS LOCALS<\/span><\/span><\/strong><\/p>\n<p><span style=\"font-size: 14pt; color: #ffffff; font-family: dekar;\">Espaistream Local TV \u00e9s una soluci\u00f3 de televisi\u00f3 local per Internet, totalment configurable per part dels ajustaments, Espaistream aporta els recursos i la tecnologia sense que el consistori hagi de fer cap tipus d\u2019inversi\u00f3, en funci\u00f3 del model de subscripci\u00f3 se\u2019ls proporciona una avan\u00e7ada plataforma de v\u00eddeo On-line i aplicaci\u00f3 de comunicaci\u00f3 per dispositius m\u00f2bils i tot a canvi de gestionar la producci\u00f3 audiovisual del mitj\u00e0.<\/span>[\/vc_column_text][vc_empty_space][vc_column_text css=&#8221;.vc_custom_1518770852289{margin-right: 20% !important;}&#8221;]<span style=\"font-size: 14pt; color: #ffffff; font-family: dekar;\"><img decoding=\"async\" class=\"size-medium wp-image-8245 alignleft\" src=\"http:\/\/www.espaistream.tv\/wp-content\/uploads\/2018\/02\/produccio-2-300x288.png\" alt=\"\" width=\"138\" \/><strong><span style=\"color: #99cc00; font-size: 16pt;\">PRODUCCI\u00d3 DE CONTINGUTS<\/span><\/strong><\/span><\/p>\n<p><span style=\"font-size: 14pt; color: #ffffff; font-family: dekar;\">Els ajuntaments contracten un paquet de not\u00edcies mensuals ( 2 ,3 , 4 o m\u00e9s) on la novetat \u00e9s el que denominem \u201credacci\u00f3 remota\u201d, aquest organigrama productiu fa que tots el professional implicats en la confecci\u00f3 d\u2019un reportatge treballin sense estar integrats en la tradicional redacci\u00f3 , sin\u00f3 que tot el proc\u00e9s productiu s\u2019organitza de forma On-line.<br \/>\nEl format televisiu ha de ser de reportatges en profunditat i que comuniquin sobre un tema amb un m\u00ednim de cinc minuts , ha de ser un mitj\u00e0 orientat a donar a con\u00e8ixer cap a dins, i comunicar com \u00e9s el seu teixit associatiu, les entitats , els serveis p\u00fablics que ofereix l\u2019 ajuntament . I cap a fora fent promoci\u00f3 del municipi, i de les activitats que organitzen les entitats per als visitants i col\u00b7laboracions amb altres municipis.<\/span>[\/vc_column_text][vc_empty_space][vc_column_text css=&#8221;.vc_custom_1518771281474{margin-right: 20% !important;}&#8221;]<span style=\"font-size: 14pt; color: #ffffff; font-family: dekar;\"><strong><span style=\"color: #99cc00; font-size: 16pt;\"><img decoding=\"async\" class=\"size-medium wp-image-8240 alignleft\" src=\"http:\/\/www.espaistream.tv\/wp-content\/uploads\/2018\/02\/formacio-300x288.png\" alt=\"\" width=\"138\" \/>FORMACI\u00d3<\/span><\/strong><\/span><\/p>\n<p><span style=\"font-size: 14pt; color: #ffffff; font-family: dekar;\">L\u2019altra novetat organitzativa afecta al pressupost que els ajuntaments destinen a la televisi\u00f3 local, \u00e9s que cada not\u00edcia fracciona el seu cost per totes les tasques que es realitzen en la seva creaci\u00f3, aix\u00ed Espaistream Local descompte els recursos que aporta el propi ajuntament: Redactor ( t\u00e8cnic de comunicaci\u00f3) o locutors ( de la r\u00e0dio municipal ) com exemples.<br \/>\nIncloent paquets de formaci\u00f3 en la gesti\u00f3 de la plataforma, producci\u00f3 audiovisual i direcci\u00f3 del mitj\u00e0, si el ajuntament opta per una gesti\u00f3 totalment local, en aquest cas Espaistream Local funciona com tutor supervisant el funcionament fins la consolidaci\u00f3 del projecte.<\/span>[\/vc_column_text][vc_empty_space][\/vc_column][\/vc_row]<\/p>\n","protected":false},"excerpt":{"rendered":"<p>[vc_row css=&#8221;.vc_custom_1517572353439{background-color: #383838 !important;background-position: center !important;background-repeat: no-repeat !important;background-size: cover !important;}&#8221;][vc_column width=&#8221;1\/3&#8243; css=&#8221;.vc_custom_1517573079654{margin-top: 150px !important;}&#8221;][vc_empty_space height=&#8221;150xpx&#8221;][vc_column_text css=&#8221;.vc_custom_1521809455215{margin-top: -50px !important;}&#8221;] Serveis Biz [\/vc_column_text][\/vc_column][vc_column width=&#8221;1\/3&#8243; css=&#8221;.vc_custom_1517575616374{margin-top: 150px !important;}&#8221;][vc_empty_space height=&#8221;150xpx&#8221;][vc_single_image image=&#8221;8069&#8243; img_size=&#8221;150&#215;150&#8243; alignment=&#8221;center&#8221; style=&#8221;vc_box_rounded&#8221; css_animation=&#8221;top-to-bottom&#8221;][vc_column_text] Serveis Local [\/vc_column_text][\/vc_column][vc_column width=&#8221;1\/3&#8243; css=&#8221;.vc_custom_1517575626069{margin-top: 150px !important;}&#8221;][vc_empty_space height=&#8221;150xpx&#8221;][vc_column_text css=&#8221;.vc_custom_1521809465805{margin-top: -50px !important;}&#8221;] Serveis Live [\/vc_column_text][\/vc_column][\/vc_row][vc_row&#8230;<\/p>\n","protected":false},"author":1,"featured_media":0,"parent":0,"menu_order":0,"comment_status":"closed","ping_status":"closed","template":"full-width.php","meta":{"footnotes":""},"class_list":["post-8224","page","type-page","status-publish","hentry"],"jetpack_sharing_enabled":true,"_links":{"self":[{"href":"https:\/\/www.espaistream.tv\/es\/wp-json\/wp\/v2\/pages\/8224","targetHints":{"allow":["GET"]}}],"collection":[{"href":"https:\/\/www.espaistream.tv\/es\/wp-json\/wp\/v2\/pages"}],"about":[{"href":"https:\/\/www.espaistream.tv\/es\/wp-json\/wp\/v2\/types\/page"}],"author":[{"embeddable":true,"href":"https:\/\/www.espaistream.tv\/es\/wp-json\/wp\/v2\/users\/1"}],"replies":[{"embeddable":true,"href":"https:\/\/www.espaistream.tv\/es\/wp-json\/wp\/v2\/comments?post=8224"}],"version-history":[{"count":19,"href":"https:\/\/www.espaistream.tv\/es\/wp-json\/wp\/v2\/pages\/8224\/revisions"}],"predecessor-version":[{"id":8642,"href":"https:\/\/www.espaistream.tv\/es\/wp-json\/wp\/v2\/pages\/8224\/revisions\/8642"}],"wp:attachment":[{"href":"https:\/\/www.espaistream.tv\/es\/wp-json\/wp\/v2\/media?parent=8224"}],"curies":[{"name":"wp","href":"https:\/\/api.w.org\/{rel}","templated":true}]}}