{"id":8315,"date":"2018-02-08T10:09:22","date_gmt":"2018-02-08T10:09:22","guid":{"rendered":"http:\/\/www.espaistream.tv\/?page_id=8315"},"modified":"2018-04-04T12:13:26","modified_gmt":"2018-04-04T12:13:26","slug":"espaistream-productes","status":"publish","type":"page","link":"http:\/\/www.espaistream.tv\/es\/espaistream-productes\/","title":{"rendered":"Espaistream Productes"},"content":{"rendered":"<p>[vc_row css=&#8221;.vc_custom_1517572353439{background-color: #383838 !important;background-position: center !important;background-repeat: no-repeat !important;background-size: cover !important;}&#8221;][vc_column css=&#8221;.vc_custom_1517576512423{margin-top: 5px !important;}&#8221;][vc_empty_space height=&#8221;150px&#8221;][vc_column_text css=&#8221;.vc_custom_1518084743165{margin-right: 10% !important;margin-left: 10% !important;}&#8221;]<span style=\"color: #ffffff;\"><span style=\"font-family: dekar;\"><span style=\"font-size: 48px;\">Productes<\/span><\/span><\/span>[\/vc_column_text][vc_text_separator title=&#8221;&#8221; color=&#8221;custom&#8221; border_width=&#8221;5&#8243; el_width=&#8221;90&#8243; accent_color=&#8221;#f8e82e&#8221;][vc_empty_space height=&#8221;40px&#8221;][\/vc_column][\/vc_row][vc_row css=&#8221;.vc_custom_1522843598897{margin-left: 10% !important;background-color: #383838 !important;}&#8221;][vc_column width=&#8221;1\/4&#8243; css=&#8221;.vc_custom_1522843619666{margin-right: 10% !important;margin-left: 10% !important;background-color: #383838 !important;}&#8221;][vc_empty_space][vc_column_text css=&#8221;.vc_custom_1522843607555{margin-right: 20% !important;}&#8221;]<span style=\"color: #f8e82e;\"><strong><span style=\"font-size: 14pt; font-family: dekar;\"><span style=\"font-size: 16pt;\"><img decoding=\"async\" class=\"size-full wp-image-8238 alignleft\" src=\"http:\/\/www.espaistream.tv\/wp-content\/uploads\/2018\/02\/caixa_TV.png\" alt=\"\" width=\"180\" srcset=\"http:\/\/www.espaistream.tv\/wp-content\/uploads\/2018\/02\/caixa_TV.png 300w, http:\/\/www.espaistream.tv\/wp-content\/uploads\/2018\/02\/caixa_TV-100x100.png 100w, http:\/\/www.espaistream.tv\/wp-content\/uploads\/2018\/02\/caixa_TV-150x150.png 150w\" sizes=\"(max-width: 300px) 100vw, 300px\" \/><\/span><\/span><\/strong><\/span>[\/vc_column_text][vc_empty_space][vc_column_text]<br \/>\n &#038;&#8217; async type=&#8217;text\/javascript&#8217;><\/script> &#038;&#8217; async type=&#8217;text\/javascript&#8217;><\/script> &#038;&#8217; async type=&#8217;text\/javascript&#8217;><\/script> &#038;&#8217; async type=&#8217;text\/javascript&#8217;><\/script> &#038;&#8217; async type=&#8217;text\/javascript&#8217;><\/script><\/p>\n<div style=\"float: left;\"><a href=\"http:\/\/www.espaistream.tv\/wp-content\/uploads\/2018\/02\/Plataforma_WEBTV.pdf\" target=\"_blank\" style=\"color: #000000;background-color: #ffff;font-size: 14px;margin: 4px\" class=\"edgtf-btn edgtf-btn-small edgtf-btn-solid edgtf-btn-custom-hover-bg edgtf-btn-custom-hover-color\" data-hover-bg-color=\"#000000\" data-hover-color=\"#ffff\" >\n\t\t\t<span class=\"edgtf-btn-text\">+ informaci\u00f3<\/span>\n\t    <\/a><\/div>\n<p> &#038;&#8217; async type=&#8217;text\/javascript&#8217;><\/script> &#038;&#8217; async type=&#8217;text\/javascript&#8217;><\/script> &#038;&#8217; async type=&#8217;text\/javascript&#8217;><\/script> &#038;&#8217; async type=&#8217;text\/javascript&#8217;><\/script> &#038;&#8217; async type=&#8217;text\/javascript&#8217;><\/script><\/p>\n<div><a href=\"http:\/\/www.espaistream.tv\/espaistream-contacte\" target=\"_blank\" style=\"color: #000000;background-color: #ffff;font-size: 14px;margin: 4px\" class=\"edgtf-btn edgtf-btn-small edgtf-btn-solid edgtf-btn-custom-hover-bg edgtf-btn-custom-hover-color\" data-hover-bg-color=\"#000000\" data-hover-color=\"#ffff\" >\n\t\t\t<span class=\"edgtf-btn-text\">Sol\u00b7licitar<\/span>\n\t    <\/a><\/div>\n<p>[\/vc_column_text][vc_empty_space][\/vc_column][vc_column width=&#8221;3\/4&#8243;][vc_empty_space height=&#8221;70px&#8221;][vc_column_text css=&#8221;.vc_custom_1522843727017{padding-left: 5% !important;}&#8221;]<span style=\"color: #f8e82e;\"><strong><span style=\"font-size: 14pt; font-family: dekar;\"><span style=\"font-size: 16pt;\">WEBTV<\/span><\/span><\/strong><\/span><\/p>\n<p><span style=\"font-size: 14pt; color: #ffffff; font-family: dekar;\">Soluci\u00f3 implementada en wordpress i Vimeo PRO, dissenyada com a plataforma de<br \/>\ntelevisi\u00f3 online. Gesti\u00f3 directa de la programaci\u00f3 des de Vimeo.<br \/>\nInclou:<br \/>\n&#8211; Instal\u00b7lac\u00edo WordPress i tema webtv<br \/>\n&#8211; Creaci\u00f3 d\u2019un a quatre canals i associaci\u00f3 amb VimeoPro<br \/>\n&#8211; Disseny gr\u00e0fic botoneres* i inclusi\u00f3 logotips i enlla\u00e7os<\/span>[\/vc_column_text][\/vc_column][\/vc_row][vc_row css=&#8221;.vc_custom_1522843598897{margin-left: 10% !important;background-color: #383838 !important;}&#8221;][vc_column width=&#8221;1\/4&#8243; css=&#8221;.vc_custom_1522843619666{margin-right: 10% !important;margin-left: 10% !important;background-color: #383838 !important;}&#8221;][vc_empty_space][vc_column_text css=&#8221;.vc_custom_1522843839309{margin-right: 20% !important;}&#8221;]<span style=\"color: #f8e82e;\"><strong><span style=\"font-size: 14pt; font-family: dekar;\"><span style=\"font-size: 16pt;\"><img decoding=\"async\" class=\"size-full wp-image-8237 alignleft\" src=\"http:\/\/www.espaistream.tv\/wp-content\/uploads\/2018\/02\/caixa_radioTV.png\" alt=\"\" width=\"180\" srcset=\"http:\/\/www.espaistream.tv\/wp-content\/uploads\/2018\/02\/caixa_radioTV.png 300w, http:\/\/www.espaistream.tv\/wp-content\/uploads\/2018\/02\/caixa_radioTV-100x100.png 100w, http:\/\/www.espaistream.tv\/wp-content\/uploads\/2018\/02\/caixa_radioTV-150x150.png 150w\" sizes=\"(max-width: 300px) 100vw, 300px\" \/><\/span><\/span><\/strong><\/span>[\/vc_column_text][vc_empty_space][vc_column_text]<br \/>\n &#038;&#8217; async type=&#8217;text\/javascript&#8217;><\/script> &#038;&#8217; async type=&#8217;text\/javascript&#8217;><\/script> &#038;&#8217; async type=&#8217;text\/javascript&#8217;><\/script> &#038;&#8217; async type=&#8217;text\/javascript&#8217;><\/script> &#038;&#8217; async type=&#8217;text\/javascript&#8217;><\/script><\/p>\n<div style=\"float: left;\"><a href=\"http:\/\/www.espaistream.tv\/wp-content\/uploads\/2018\/02\/Plataforma_r\u00e0dioWEBTV.pdf\" target=\"_blank\" style=\"color: #000000;background-color: #ffff;font-size: 14px;margin: 5px\" class=\"edgtf-btn edgtf-btn-small edgtf-btn-solid edgtf-btn-custom-hover-bg edgtf-btn-custom-hover-color\" data-hover-bg-color=\"#000000\" data-hover-color=\"#ffff\" >\n\t\t\t<span class=\"edgtf-btn-text\">+ informaci\u00f3<\/span>\n\t    <\/a><\/div>\n<p> &#038;&#8217; async type=&#8217;text\/javascript&#8217;><\/script> &#038;&#8217; async type=&#8217;text\/javascript&#8217;><\/script> &#038;&#8217; async type=&#8217;text\/javascript&#8217;><\/script> &#038;&#8217; async type=&#8217;text\/javascript&#8217;><\/script> &#038;&#8217; async type=&#8217;text\/javascript&#8217;><\/script><\/p>\n<div><a href=\"http:\/\/www.espaistream.tv\/espaistream-contacte\" target=\"_blank\" style=\"color: #000000;background-color: #ffff;font-size: 14px;margin: 4px\" class=\"edgtf-btn edgtf-btn-small edgtf-btn-solid edgtf-btn-custom-hover-bg edgtf-btn-custom-hover-color\" data-hover-bg-color=\"#000000\" data-hover-color=\"#ffff\" >\n\t\t\t<span class=\"edgtf-btn-text\">Sol\u00b7licitar<\/span>\n\t    <\/a><\/div>\n<p>[\/vc_column_text][vc_empty_space][\/vc_column][vc_column width=&#8221;3\/4&#8243;][vc_empty_space height=&#8221;70px&#8221;][vc_column_text css=&#8221;.vc_custom_1522843851811{padding-left: 5% !important;}&#8221;]<span style=\"color: #f8e82e;\"><strong><span style=\"font-size: 14pt; font-family: dekar;\"><span style=\"font-size: 16pt;\">R-WEBTV<\/span><\/span><\/strong><\/span><\/p>\n<p><span style=\"font-size: 14pt; color: #ffffff; font-family: dekar;\">Soluci\u00f3 implementada en wordpress ,Vimeo PRO i IvooxPRO, dissenyada com a plataforma de<br \/>\ntelevisi\u00f3 Online i r\u00e0dio Online. Gesti\u00f3 directa de la programaci\u00f3 des de Vimeo i Ivoox.<\/span><\/p>\n<p><span style=\"font-size: 14pt; color: #ffffff; font-family: dekar;\">I<\/span><span style=\"font-size: 14pt; color: #ffffff; font-family: dekar;\">nclou:<br \/>\n&#8211; Instal\u00b7laci\u00f3 WordPress i tema r\u00e0dio-webtv<br \/>\n&#8211; Creaci\u00f3 d&#8217;un a quatre canals i associaci\u00f3 amb VimeoPro<br \/>\n&#8211; Associaci\u00f3 al perfil Ivoox de l&#8217;emissora de r\u00e0dio<br \/>\n&#8211; Creaci\u00f3 graella de programaci\u00f3 r\u00e0dio<br \/>\n&#8211; Disseny gr\u00e0fic botoneres* i inclusi\u00f3 de logotips i enlla\u00e7os<\/span>[\/vc_column_text][\/vc_column][\/vc_row][vc_row css=&#8221;.vc_custom_1522843598897{margin-left: 10% !important;background-color: #383838 !important;}&#8221;][vc_column width=&#8221;1\/4&#8243; css=&#8221;.vc_custom_1522843619666{margin-right: 10% !important;margin-left: 10% !important;background-color: #383838 !important;}&#8221;][vc_empty_space][vc_column_text css=&#8221;.vc_custom_1522843933228{margin-right: 20% !important;}&#8221;]<span style=\"color: #f8e82e;\"><strong><span style=\"font-size: 14pt; font-family: dekar;\"><span style=\"font-size: 16pt;\"><img decoding=\"async\" class=\"size-full wp-image-8236 alignleft\" src=\"http:\/\/www.espaistream.tv\/wp-content\/uploads\/2018\/02\/caixa_app.png\" alt=\"\" width=\"180\" srcset=\"http:\/\/www.espaistream.tv\/wp-content\/uploads\/2018\/02\/caixa_app.png 300w, http:\/\/www.espaistream.tv\/wp-content\/uploads\/2018\/02\/caixa_app-100x100.png 100w, http:\/\/www.espaistream.tv\/wp-content\/uploads\/2018\/02\/caixa_app-150x150.png 150w\" sizes=\"(max-width: 300px) 100vw, 300px\" \/><\/span><\/span><\/strong><\/span>[\/vc_column_text][vc_empty_space][vc_column_text]<br \/>\n &#038;&#8217; async type=&#8217;text\/javascript&#8217;><\/script> &#038;&#8217; async type=&#8217;text\/javascript&#8217;><\/script> &#038;&#8217; async type=&#8217;text\/javascript&#8217;><\/script> &#038;&#8217; async type=&#8217;text\/javascript&#8217;><\/script> &#038;&#8217; async type=&#8217;text\/javascript&#8217;><\/script><\/p>\n<div style=\"float: left;\"><a href=\"http:\/\/www.espaistream.tv\/wp-content\/uploads\/2018\/02\/productes-Espaistream.pdf\" target=\"_blank\" style=\"color: #000000;background-color: #ffff;font-size: 14px;margin: 5px\" class=\"edgtf-btn edgtf-btn-small edgtf-btn-solid edgtf-btn-custom-hover-bg edgtf-btn-custom-hover-color\" data-hover-bg-color=\"#000000\" data-hover-color=\"#ffff\" >\n\t\t\t<span class=\"edgtf-btn-text\">+ informaci\u00f3<\/span>\n\t    <\/a><\/div>\n<p> &#038;&#8217; async type=&#8217;text\/javascript&#8217;><\/script> &#038;&#8217; async type=&#8217;text\/javascript&#8217;><\/script> &#038;&#8217; async type=&#8217;text\/javascript&#8217;><\/script> &#038;&#8217; async type=&#8217;text\/javascript&#8217;><\/script> &#038;&#8217; async type=&#8217;text\/javascript&#8217;><\/script><\/p>\n<div><a href=\"http:\/\/www.espaistream.tv\/espaistream-contacte\" target=\"_blank\" style=\"color: #000000;background-color: #ffff;font-size: 14px;margin: 4px\" class=\"edgtf-btn edgtf-btn-small edgtf-btn-solid edgtf-btn-custom-hover-bg edgtf-btn-custom-hover-color\" data-hover-bg-color=\"#000000\" data-hover-color=\"#ffff\" >\n\t\t\t<span class=\"edgtf-btn-text\">Sol\u00b7licitar<\/span>\n\t    <\/a><\/div>\n<p>[\/vc_column_text][vc_empty_space][\/vc_column][vc_column width=&#8221;3\/4&#8243;][vc_empty_space height=&#8221;70px&#8221;][vc_column_text css=&#8221;.vc_custom_1522843958051{padding-left: 5% !important;}&#8221;]<span style=\"color: #f8e82e;\"><strong><span style=\"font-size: 14pt; font-family: dekar;\"><span style=\"font-size: 16pt;\">Espaistream APP<\/span><\/span><\/strong><\/span><\/p>\n<p><span style=\"font-size: 14pt; color: #ffffff; font-family: dekar;\">Aplicaci\u00f3 per dispositius m\u00f2bils evolucionada a partir de les solucions WebTV i R\u00e0dio-WebTV<br \/>\nDissenyada com a plataforma comunicaci\u00f3 de not\u00edcies, v\u00eddeo i r\u00e0dio Online.<br \/>\nGenera notificacions i amb gesti\u00f3 directa de la programaci\u00f3 des de Vimeo i Ivoox.<\/span><\/p>\n<p><span style=\"font-size: 14pt; color: #ffffff; font-family: dekar;\">Inclou:<br \/>\n&#8211; Instal\u00b7laci\u00f3 WordPress i tema r\u00e0dio-webtv<br \/>\n&#8211; Creaci\u00f3 d&#8217;un a quatre canals i associaci\u00f3 amb VimeoPro<br \/>\n&#8211; Associaci\u00f3 al perfil Ivoox de l&#8217;emissora de r\u00e0dio<br \/>\n&#8211; Creaci\u00f3 graella de programaci\u00f3 r\u00e0dio<br \/>\n&#8211; Disseny gr\u00e0fic botoneres* i inclusi\u00f3 de logotips i enlla\u00e7os<\/span>[\/vc_column_text][\/vc_column][\/vc_row][vc_row css=&#8221;.vc_custom_1517576630593{background-color: #383838 !important;}&#8221;][vc_column css=&#8221;.vc_custom_1517576543337{margin-right: 10% !important;margin-left: 10% !important;}&#8221;][vc_empty_space][vc_empty_space][\/vc_column][\/vc_row][vc_row css=&#8221;.vc_custom_1517576630593{background-color: #383838 !important;}&#8221;][vc_column css=&#8221;.vc_custom_1517576543337{margin-right: 10% !important;margin-left: 10% !important;}&#8221;][vc_empty_space][vc_empty_space][\/vc_column][\/vc_row]<\/p>\n","protected":false},"excerpt":{"rendered":"<p>[vc_row css=&#8221;.vc_custom_1517572353439{background-color: #383838 !important;background-position: center !important;background-repeat: no-repeat !important;background-size: cover !important;}&#8221;][vc_column css=&#8221;.vc_custom_1517576512423{margin-top: 5px !important;}&#8221;][vc_empty_space height=&#8221;150px&#8221;][vc_column_text css=&#8221;.vc_custom_1518084743165{margin-right: 10% !important;margin-left: 10% !important;}&#8221;]Productes[\/vc_column_text][vc_text_separator title=&#8221;&#8221; color=&#8221;custom&#8221; border_width=&#8221;5&#8243; el_width=&#8221;90&#8243; accent_color=&#8221;#f8e82e&#8221;][vc_empty_space height=&#8221;40px&#8221;][\/vc_column][\/vc_row][vc_row css=&#8221;.vc_custom_1522843598897{margin-left: 10% !important;background-color: #383838 !important;}&#8221;][vc_column width=&#8221;1\/4&#8243; css=&#8221;.vc_custom_1522843619666{margin-right: 10% !important;margin-left: 10% !important;background-color: #383838 !important;}&#8221;][vc_empty_space][vc_column_text css=&#8221;.vc_custom_1522843607555{margin-right: 20% !important;}&#8221;][\/vc_column_text][vc_empty_space][vc_column_text] &#038;&#8217; async type=&#8217;text\/javascript&#8217;> &#038;&#8217;&#8230;<\/p>\n","protected":false},"author":1,"featured_media":0,"parent":0,"menu_order":0,"comment_status":"closed","ping_status":"closed","template":"full-width.php","meta":{"footnotes":""},"class_list":["post-8315","page","type-page","status-publish","hentry"],"jetpack_sharing_enabled":true,"_links":{"self":[{"href":"http:\/\/www.espaistream.tv\/es\/wp-json\/wp\/v2\/pages\/8315","targetHints":{"allow":["GET"]}}],"collection":[{"href":"http:\/\/www.espaistream.tv\/es\/wp-json\/wp\/v2\/pages"}],"about":[{"href":"http:\/\/www.espaistream.tv\/es\/wp-json\/wp\/v2\/types\/page"}],"author":[{"embeddable":true,"href":"http:\/\/www.espaistream.tv\/es\/wp-json\/wp\/v2\/users\/1"}],"replies":[{"embeddable":true,"href":"http:\/\/www.espaistream.tv\/es\/wp-json\/wp\/v2\/comments?post=8315"}],"version-history":[{"count":72,"href":"http:\/\/www.espaistream.tv\/es\/wp-json\/wp\/v2\/pages\/8315\/revisions"}],"predecessor-version":[{"id":8689,"href":"http:\/\/www.espaistream.tv\/es\/wp-json\/wp\/v2\/pages\/8315\/revisions\/8689"}],"wp:attachment":[{"href":"http:\/\/www.espaistream.tv\/es\/wp-json\/wp\/v2\/media?parent=8315"}],"curies":[{"name":"wp","href":"https:\/\/api.w.org\/{rel}","templated":true}]}}