{"id":8188,"date":"2018-02-05T09:32:49","date_gmt":"2018-02-05T09:32:49","guid":{"rendered":"http:\/\/www.espaistream.tv\/?page_id=8188"},"modified":"2020-07-10T14:48:30","modified_gmt":"2020-07-10T14:48:30","slug":"espaistream-biz","status":"publish","type":"page","link":"http:\/\/www.espaistream.tv\/es\/espaistream-biz\/","title":{"rendered":"Espaistream Biz"},"content":{"rendered":"<p>[vc_row css=&#8221;.vc_custom_1517572353439{background-color: #383838 !important;background-position: center !important;background-repeat: no-repeat !important;background-size: cover !important;}&#8221;][vc_column width=&#8221;1\/3&#8243; css=&#8221;.vc_custom_1517573079654{margin-top: 150px !important;}&#8221;][vc_empty_space height=&#8221;150xpx&#8221;][vc_single_image image=&#8221;8067&#8243; img_size=&#8221;150&#215;150&#8243; alignment=&#8221;center&#8221; style=&#8221;vc_box_rounded&#8221; css_animation=&#8221;top-to-bottom&#8221;][vc_column_text]<\/p>\n<p style=\"text-align: center;\"><span style=\"font-family: dekar; color: #ffffff; font-size: 12pt;\">Espaistream Biz<\/span><\/p>\n<p>[\/vc_column_text][\/vc_column][vc_column width=&#8221;1\/3&#8243; css=&#8221;.vc_custom_1517575616374{margin-top: 150px !important;}&#8221;][vc_empty_space height=&#8221;150xpx&#8221;]<div class=\"ult-ih-container ult-adjust-bottom-margin  \" >\t<ul class=\"ult-ih-list \"  data-shape=\"square\"  data-width=\"150\"  data-height=\"150\"  style=\"text-align:center; \"><li id=\"ult-ih-list-item-4592\" class=\"ult-ih-list-item\" style=\"height: 150px; width: 150px;  margin: 15px\"><a class=\"ult-ih-link\" href=\"http:\/\/www.espaistream.tv\/espaistream_local\/\"  ><div style=\"height: 150px; width: 150px; \" class=\"ult-ih-item ult-ih-effect11  ult-ih-right_to_left  \"><div class=\"ult-ih-image-block\" style=\"height: 150px; width: 150px; \">\t<div class=\"ult-ih-wrapper\" style=\"\"><\/div>\t<img decoding=\"async\" class=\"ult-ih-image\" src=\"http:\/\/www.espaistream.tv\/wp-content\/uploads\/2018\/02\/02BNespaistream_local.png\" alt=\"null\"><\/div><div class=\"ult-ih-info\" style=\"background-color: #b0e004; \">\t<div class=\"ult-ih-info-back\">\t<div class=\"ult-ih-content\">\t\t\t<div class=\"ult-ih-heading-block\" style=\"\">\t\t\t\t<h3 class=\"ult-ih-heading ult-responsive\" style=\"color:#ffffff;\"  data-ultimate-target='#ult-ih-list-item-4592 .ult-ih-heading'  data-responsive-json-new='{\"font-size\":\"desktop:22px;\",\"line-height\":\"desktop:28px;\"}' >Local<\/h3>\t\t\t<\/div>\t\t\t<div class=\"ult-ih-divider-block\" style=\"height:1px;\">\t\t\t\t<span class=\"ult-ih-line\" style=\"border-style:solid;border-color:rgba(255,255,255,0.75);width:100px;border-width:1px;\"><\/span>\t\t\t<\/div>\t\t\t<div class=\"ult-ih-description-block\" style=\"\">\t\t\t\t<div class=\"ult-ih-description ult-responsive\" style=\"color:#bbbbbb;\"  data-ultimate-target='#ult-ih-list-item-4592 .ult-ih-description, #ult-ih-list-item-4592 .ult-ih-description p'  data-responsive-json-new='{\"font-size\":\"desktop:12px;\",\"line-height\":\"desktop:18px;\"}' >\t\t\t\t<\/div>\t\t\t<\/div>\t<\/div>\t<\/div><\/div><\/div><\/a><\/li>\t<\/ul><\/div>[vc_column_text css=&#8221;.vc_custom_1521806237095{margin-top: -50px !important;}&#8221;]<\/p>\n<p style=\"text-align: center;\"><span style=\"font-family: dekar; color: #ffffff; font-size: 12pt;\">Espaistream Local<\/span><\/p>\n<p>[\/vc_column_text][\/vc_column][vc_column width=&#8221;1\/3&#8243; css=&#8221;.vc_custom_1517575626069{margin-top: 150px !important;}&#8221;][vc_empty_space height=&#8221;150xpx&#8221;]<div class=\"ult-ih-container ult-adjust-bottom-margin  \" >\t<ul class=\"ult-ih-list \"  data-shape=\"square\"  data-width=\"150\"  data-height=\"150\"  style=\"text-align:center; \"><li id=\"ult-ih-list-item-3278\" class=\"ult-ih-list-item\" style=\"height: 150px; width: 150px;  margin: 15px\"><a class=\"ult-ih-link\" href=\"http:\/\/www.espaistream.tv\/espaistream-live\/\"  ><div style=\"height: 150px; width: 150px; \" class=\"ult-ih-item ult-ih-effect11  ult-ih-right_to_left  \"><div class=\"ult-ih-image-block\" style=\"height: 150px; width: 150px; \">\t<div class=\"ult-ih-wrapper\" style=\"\"><\/div>\t<img decoding=\"async\" class=\"ult-ih-image\" src=\"http:\/\/www.espaistream.tv\/wp-content\/uploads\/2018\/02\/02BNespaistream_live.png\" alt=\"null\"><\/div><div class=\"ult-ih-info\" style=\"background-color: #742f72; \">\t<div class=\"ult-ih-info-back\">\t<div class=\"ult-ih-content\">\t\t\t<div class=\"ult-ih-heading-block\" style=\"\">\t\t\t\t<h3 class=\"ult-ih-heading ult-responsive\" style=\"color:#ffffff;\"  data-ultimate-target='#ult-ih-list-item-3278 .ult-ih-heading'  data-responsive-json-new='{\"font-size\":\"desktop:22px;\",\"line-height\":\"desktop:28px;\"}' >Live<\/h3>\t\t\t<\/div>\t\t\t<div class=\"ult-ih-divider-block\" style=\"height:1px;\">\t\t\t\t<span class=\"ult-ih-line\" style=\"border-style:solid;border-color:rgba(255,255,255,0.75);width:100px;border-width:1px;\"><\/span>\t\t\t<\/div>\t\t\t<div class=\"ult-ih-description-block\" style=\"\">\t\t\t\t<div class=\"ult-ih-description ult-responsive\" style=\"color:#bbbbbb;\"  data-ultimate-target='#ult-ih-list-item-3278 .ult-ih-description, #ult-ih-list-item-3278 .ult-ih-description p'  data-responsive-json-new='{\"font-size\":\"desktop:12px;\",\"line-height\":\"desktop:18px;\"}' >\t\t\t\t<\/div>\t\t\t<\/div>\t<\/div>\t<\/div><\/div><\/div><\/a><\/li>\t<\/ul><\/div>[vc_column_text css=&#8221;.vc_custom_1521806246287{margin-top: -50px !important;}&#8221;]<\/p>\n<p style=\"text-align: center;\"><span style=\"font-family: dekar; color: #ffffff; font-size: 12pt;\">Espaistream Live<\/span><\/p>\n<p>[\/vc_column_text][\/vc_column][\/vc_row][vc_row css=&#8221;.vc_custom_1517572353439{background-color: #383838 !important;background-position: center !important;background-repeat: no-repeat !important;background-size: cover !important;}&#8221;][vc_column css=&#8221;.vc_custom_1517576512423{margin-top: 5px !important;}&#8221;][vc_text_separator title=&#8221;&#8221; color=&#8221;custom&#8221; border_width=&#8221;5&#8243; el_width=&#8221;90&#8243; accent_color=&#8221;#ff7f18&#8243;][vc_empty_space height=&#8221;50px&#8221;][\/vc_column][\/vc_row][vc_row css=&#8221;.vc_custom_1517823343902{background-color: #383838 !important;}&#8221;][vc_column css=&#8221;.vc_custom_1517823404329{margin-right: 10% !important;margin-left: 10% !important;}&#8221;][vc_empty_space][vc_column_text css=&#8221;.vc_custom_1518090807888{margin-right: 20% !important;}&#8221;]<a href=\"http:\/\/www.canigat.com\/\" target=\"_blank\" rel=\"noopener\"><img loading=\"lazy\" decoding=\"async\" class=\"size-full wp-image-8189 alignleft\" src=\"http:\/\/www.espaistream.tv\/wp-content\/uploads\/2018\/02\/canigat_300x300.png\" alt=\"\" width=\"138\" height=\"138\" srcset=\"http:\/\/www.espaistream.tv\/wp-content\/uploads\/2018\/02\/canigat_300x300.png 300w, http:\/\/www.espaistream.tv\/wp-content\/uploads\/2018\/02\/canigat_300x300-100x100.png 100w, http:\/\/www.espaistream.tv\/wp-content\/uploads\/2018\/02\/canigat_300x300-150x150.png 150w\" sizes=\"auto, (max-width: 138px) 100vw, 138px\" \/><\/a><\/p>\n<p><span style=\"font-size: 14pt; color: #ffffff; font-family: dekar;\">CANIGAT TV, \u00e9s una televisi\u00f3 del m\u00f3n de les mascotes dom\u00e8stiques en general, on trobem consells generals i veterinaris de com tenir cura de les nostres mascotes.<br \/>\nAssessorem als gestors en la implementaci\u00f3 del webtv i el disseny de continguts pels seus diferents canals dintre de la televisi\u00f3: canal gossos, canal gats i Pet friendly.<br \/>\nGestionada per : Crevi TV des de l&#8217;any 2014.<\/span>[\/vc_column_text][\/vc_column][\/vc_row][vc_row css=&#8221;.vc_custom_1517576630593{background-color: #383838 !important;}&#8221;][vc_column css=&#8221;.vc_custom_1517576543337{margin-right: 10% !important;margin-left: 10% !important;}&#8221;][vc_column_text css=&#8221;.vc_custom_1518691697922{margin-right: 20% !important;}&#8221;]<a href=\"http:\/\/tv.nmracingteam.com\" target=\"_blank\" rel=\"noopener\"><img loading=\"lazy\" decoding=\"async\" class=\"alignleft wp-image-8191 size-full\" src=\"http:\/\/www.espaistream.tv\/wp-content\/uploads\/2018\/02\/nmracingTV_300x300.png\" alt=\"\" width=\"138\" height=\"138\" srcset=\"http:\/\/www.espaistream.tv\/wp-content\/uploads\/2018\/02\/nmracingTV_300x300.png 300w, http:\/\/www.espaistream.tv\/wp-content\/uploads\/2018\/02\/nmracingTV_300x300-100x100.png 100w, http:\/\/www.espaistream.tv\/wp-content\/uploads\/2018\/02\/nmracingTV_300x300-150x150.png 150w\" sizes=\"auto, (max-width: 138px) 100vw, 138px\" \/><\/a><\/p>\n<p><span style=\"font-size: 14pt; color: #ffffff; font-family: dekar;\"><strong>Nmracingteam TV<\/strong> , \u00e9s una televisi\u00f3 corporativa de l&#8217;empresa NMracing Team, destinada a la formaci\u00f3 esportiva i personal de pilots i orientar-los en la competici\u00f3 professional.<br \/>\nLa producci\u00f3 audiovisual cobreix els diferents esdeveniment del calendari de competicions de l&#8217;escuderia, es col\u00b7labora en la formaci\u00f3 del pilots per la seva futura relaci\u00f3 amb el mitjans de comunicaci\u00f3.<br \/>\nGestionada per: INNODEC.cat des de l&#8217;any 2017.<\/span>[\/vc_column_text][\/vc_column][\/vc_row][vc_row css=&#8221;.vc_custom_1517823596919{background-color: #383838 !important;}&#8221;][vc_column css=&#8221;.vc_custom_1517823413933{margin-right: 10% !important;margin-left: 10% !important;}&#8221;][vc_empty_space][vc_column_text css=&#8221;.vc_custom_1594392486555{margin-right: 20% !important;}&#8221;]<span style=\"font-size: 14pt; color: #ffffff; font-family: dekar;\"><a href=\"https:\/\/www.genehtik.com\/genehtik-channel\"><img loading=\"lazy\" decoding=\"async\" class=\"size-full wp-image-8190 alignleft\" src=\"http:\/\/www.espaistream.tv\/wp-content\/uploads\/2018\/02\/genhtik_300x300.png\" alt=\"\" width=\"138\" height=\"138\" srcset=\"http:\/\/www.espaistream.tv\/wp-content\/uploads\/2018\/02\/genhtik_300x300.png 300w, http:\/\/www.espaistream.tv\/wp-content\/uploads\/2018\/02\/genhtik_300x300-100x100.png 100w, http:\/\/www.espaistream.tv\/wp-content\/uploads\/2018\/02\/genhtik_300x300-150x150.png 150w\" sizes=\"auto, (max-width: 138px) 100vw, 138px\" \/><\/a>GENEHTIK CHANNEL , \u00e9s una televisi\u00f3 corporativa de la empresa Genhtik, un dels principals bancs de llavors de c\u00e0nnabis.<br \/>\nProducci\u00f3 de magaz\u00edn, tutorials i suport d&#8217;estrat\u00e8gia audiovisual en xarxes socials.<br \/>\nGestionada per: Genehtik Films des de l&#8217;any 2016<\/span>[\/vc_column_text][\/vc_column][\/vc_row][vc_row css=&#8221;.vc_custom_1517823596919{background-color: #383838 !important;}&#8221;][vc_column css=&#8221;.vc_custom_1517823413933{margin-right: 10% !important;margin-left: 10% !important;}&#8221;][vc_empty_space][vc_column_text css=&#8221;.vc_custom_1518691821596{margin-right: 20% !important;}&#8221;]<a href=\"https:\/\/www.youtube.com\/user\/Gtemocion\/videos\" target=\"_blank\" rel=\"noopener\"><img loading=\"lazy\" decoding=\"async\" class=\"alignleft wp-image-8191 size-full\" src=\"http:\/\/www.espaistream.tv\/wp-content\/uploads\/2018\/02\/gtemocion_300x300.png\" alt=\"\" width=\"138\" height=\"138\" \/><\/a><\/p>\n<p><span style=\"font-size: 14pt; color: #ffffff; font-family: dekar;\"><strong>GTEmocion TV<\/strong> , \u00e9s una televisi\u00f3 corporativa de l&#8217;empresa d&#8217;esdeveniments de conducci\u00f3 GTEmocion.<br \/>\nProducci\u00f3 de magaz\u00edn setmanal on recollir els testimonis dels clients<br \/>\nGestionada per: INNODEC.cat des de l&#8217;any 2009 fins al 2013<\/span>[\/vc_column_text][\/vc_column][\/vc_row][vc_row css=&#8221;.vc_custom_1517823596919{background-color: #383838 !important;}&#8221;][vc_column css=&#8221;.vc_custom_1517823413933{margin-right: 10% !important;margin-left: 10% !important;}&#8221;][vc_empty_space height=&#8221;100px&#8221;][\/vc_column][\/vc_row]<\/p>\n","protected":false},"excerpt":{"rendered":"<p>[vc_row css=&#8221;.vc_custom_1517572353439{background-color: #383838 !important;background-position: center !important;background-repeat: no-repeat !important;background-size: cover !important;}&#8221;][vc_column width=&#8221;1\/3&#8243; css=&#8221;.vc_custom_1517573079654{margin-top: 150px !important;}&#8221;][vc_empty_space height=&#8221;150xpx&#8221;][vc_single_image image=&#8221;8067&#8243; img_size=&#8221;150&#215;150&#8243; alignment=&#8221;center&#8221; style=&#8221;vc_box_rounded&#8221; css_animation=&#8221;top-to-bottom&#8221;][vc_column_text] Espaistream Biz [\/vc_column_text][\/vc_column][vc_column width=&#8221;1\/3&#8243; css=&#8221;.vc_custom_1517575616374{margin-top: 150px !important;}&#8221;][vc_empty_space height=&#8221;150xpx&#8221;][vc_column_text css=&#8221;.vc_custom_1521806237095{margin-top: -50px !important;}&#8221;] Espaistream Local [\/vc_column_text][\/vc_column][vc_column width=&#8221;1\/3&#8243; css=&#8221;.vc_custom_1517575626069{margin-top: 150px !important;}&#8221;][vc_empty_space height=&#8221;150xpx&#8221;][vc_column_text css=&#8221;.vc_custom_1521806246287{margin-top: -50px !important;}&#8221;] Espaistream Live [\/vc_column_text][\/vc_column][\/vc_row][vc_row&#8230;<\/p>\n","protected":false},"author":1,"featured_media":0,"parent":0,"menu_order":0,"comment_status":"closed","ping_status":"closed","template":"full-width.php","meta":{"footnotes":""},"class_list":["post-8188","page","type-page","status-publish","hentry"],"jetpack_sharing_enabled":true,"_links":{"self":[{"href":"http:\/\/www.espaistream.tv\/es\/wp-json\/wp\/v2\/pages\/8188","targetHints":{"allow":["GET"]}}],"collection":[{"href":"http:\/\/www.espaistream.tv\/es\/wp-json\/wp\/v2\/pages"}],"about":[{"href":"http:\/\/www.espaistream.tv\/es\/wp-json\/wp\/v2\/types\/page"}],"author":[{"embeddable":true,"href":"http:\/\/www.espaistream.tv\/es\/wp-json\/wp\/v2\/users\/1"}],"replies":[{"embeddable":true,"href":"http:\/\/www.espaistream.tv\/es\/wp-json\/wp\/v2\/comments?post=8188"}],"version-history":[{"count":43,"href":"http:\/\/www.espaistream.tv\/es\/wp-json\/wp\/v2\/pages\/8188\/revisions"}],"predecessor-version":[{"id":8867,"href":"http:\/\/www.espaistream.tv\/es\/wp-json\/wp\/v2\/pages\/8188\/revisions\/8867"}],"wp:attachment":[{"href":"http:\/\/www.espaistream.tv\/es\/wp-json\/wp\/v2\/media?parent=8188"}],"curies":[{"name":"wp","href":"https:\/\/api.w.org\/{rel}","templated":true}]}}