{"id":8130,"date":"2018-02-02T10:55:50","date_gmt":"2018-02-02T10:55:50","guid":{"rendered":"http:\/\/www.espaistream.tv\/?page_id=8130"},"modified":"2020-07-10T14:55:37","modified_gmt":"2020-07-10T14:55:37","slug":"espaistream_local","status":"publish","type":"page","link":"http:\/\/www.espaistream.tv\/es\/espaistream_local\/","title":{"rendered":"Espaistream Local"},"content":{"rendered":"<p>[vc_row css=&#8221;.vc_custom_1517572353439{background-color: #383838 !important;background-position: center !important;background-repeat: no-repeat !important;background-size: cover !important;}&#8221;][vc_column width=&#8221;1\/3&#8243; css=&#8221;.vc_custom_1517573079654{margin-top: 150px !important;}&#8221;][vc_empty_space height=&#8221;150xpx&#8221;]<div class=\"ult-ih-container ult-adjust-bottom-margin  \" >\t<ul class=\"ult-ih-list \"  data-shape=\"square\"  data-width=\"150\"  data-height=\"150\"  style=\"text-align:center; \"><li id=\"ult-ih-list-item-4060\" class=\"ult-ih-list-item\" style=\"height: 150px; width: 150px;  margin: 15px\"><a class=\"ult-ih-link\" href=\"http:\/\/www.espaistream.tv\/espaistream-biz\/\"  ><div style=\"height: 150px; width: 150px; \" class=\"ult-ih-item ult-ih-effect11  ult-ih-right_to_left  \"><div class=\"ult-ih-image-block\" style=\"height: 150px; width: 150px; \">\t<div class=\"ult-ih-wrapper\" style=\"\"><\/div>\t<img decoding=\"async\" class=\"ult-ih-image\" src=\"http:\/\/www.espaistream.tv\/wp-content\/uploads\/2018\/02\/02BN_espaistream_biz.png\" alt=\"null\"><\/div><div class=\"ult-ih-info\" style=\"background-color: #ff7f18; \">\t<div class=\"ult-ih-info-back\">\t<div class=\"ult-ih-content\">\t\t\t<div class=\"ult-ih-heading-block\" style=\"\">\t\t\t\t<h3 class=\"ult-ih-heading ult-responsive\" style=\"color:#ffffff;\"  data-ultimate-target='#ult-ih-list-item-4060 .ult-ih-heading'  data-responsive-json-new='{\"font-size\":\"desktop:22px;\",\"line-height\":\"desktop:28px;\"}' >Biz<\/h3>\t\t\t<\/div>\t\t\t<div class=\"ult-ih-divider-block\" style=\"height:1px;\">\t\t\t\t<span class=\"ult-ih-line\" style=\"border-style:solid;border-color:rgba(255,255,255,0.75);width:100px;border-width:1px;\"><\/span>\t\t\t<\/div>\t\t\t<div class=\"ult-ih-description-block\" style=\"\">\t\t\t\t<div class=\"ult-ih-description ult-responsive\" style=\"color:#bbbbbb;\"  data-ultimate-target='#ult-ih-list-item-4060 .ult-ih-description, #ult-ih-list-item-4060 .ult-ih-description p'  data-responsive-json-new='{\"font-size\":\"desktop:12px;\",\"line-height\":\"desktop:18px;\"}' >\t\t\t\t<\/div>\t\t\t<\/div>\t<\/div>\t<\/div><\/div><\/div><\/a><\/li>\t<\/ul><\/div>[vc_column_text css=&#8221;.vc_custom_1521806033167{margin-top: -50px !important;}&#8221;]<\/p>\n<p style=\"text-align: center;\"><span style=\"font-family: dekar; color: #ffffff; font-size: 12pt;\">Espaistream Biz<\/span><\/p>\n<p>[\/vc_column_text][\/vc_column][vc_column width=&#8221;1\/3&#8243; css=&#8221;.vc_custom_1517575616374{margin-top: 150px !important;}&#8221;][vc_empty_space height=&#8221;150xpx&#8221;][vc_single_image image=&#8221;8069&#8243; img_size=&#8221;150&#215;150&#8243; alignment=&#8221;center&#8221; style=&#8221;vc_box_rounded&#8221; css_animation=&#8221;top-to-bottom&#8221;][vc_column_text]<\/p>\n<p style=\"text-align: center;\"><span style=\"font-family: dekar; color: #ffffff; font-size: 12pt;\">Espaistream Local<\/span><\/p>\n<p>[\/vc_column_text][\/vc_column][vc_column width=&#8221;1\/3&#8243; css=&#8221;.vc_custom_1517575626069{margin-top: 150px !important;}&#8221;][vc_empty_space height=&#8221;150xpx&#8221;]<div class=\"ult-ih-container ult-adjust-bottom-margin  \" >\t<ul class=\"ult-ih-list \"  data-shape=\"square\"  data-width=\"150\"  data-height=\"150\"  style=\"text-align:center; \"><li id=\"ult-ih-list-item-7712\" class=\"ult-ih-list-item\" style=\"height: 150px; width: 150px;  margin: 15px\"><a class=\"ult-ih-link\" href=\"http:\/\/www.espaistream.tv\/espaistream-live\/\"  ><div style=\"height: 150px; width: 150px; \" class=\"ult-ih-item ult-ih-effect11  ult-ih-right_to_left  \"><div class=\"ult-ih-image-block\" style=\"height: 150px; width: 150px; \">\t<div class=\"ult-ih-wrapper\" style=\"\"><\/div>\t<img decoding=\"async\" class=\"ult-ih-image\" src=\"http:\/\/www.espaistream.tv\/wp-content\/uploads\/2018\/02\/02BNespaistream_live.png\" alt=\"null\"><\/div><div class=\"ult-ih-info\" style=\"background-color: #742f72; \">\t<div class=\"ult-ih-info-back\">\t<div class=\"ult-ih-content\">\t\t\t<div class=\"ult-ih-heading-block\" style=\"\">\t\t\t\t<h3 class=\"ult-ih-heading ult-responsive\" style=\"color:#ffffff;\"  data-ultimate-target='#ult-ih-list-item-7712 .ult-ih-heading'  data-responsive-json-new='{\"font-size\":\"desktop:22px;\",\"line-height\":\"desktop:28px;\"}' >Live<\/h3>\t\t\t<\/div>\t\t\t<div class=\"ult-ih-divider-block\" style=\"height:1px;\">\t\t\t\t<span class=\"ult-ih-line\" style=\"border-style:solid;border-color:rgba(255,255,255,0.75);width:100px;border-width:1px;\"><\/span>\t\t\t<\/div>\t\t\t<div class=\"ult-ih-description-block\" style=\"\">\t\t\t\t<div class=\"ult-ih-description ult-responsive\" style=\"color:#bbbbbb;\"  data-ultimate-target='#ult-ih-list-item-7712 .ult-ih-description, #ult-ih-list-item-7712 .ult-ih-description p'  data-responsive-json-new='{\"font-size\":\"desktop:12px;\",\"line-height\":\"desktop:18px;\"}' >\t\t\t\t<\/div>\t\t\t<\/div>\t<\/div>\t<\/div><\/div><\/div><\/a><\/li>\t<\/ul><\/div>[vc_column_text css=&#8221;.vc_custom_1521806088820{margin-top: -50px !important;}&#8221;]<\/p>\n<p style=\"text-align: center;\"><span style=\"font-family: dekar; color: #ffffff; font-size: 12pt;\">Espaistream Live<\/span><\/p>\n<p>[\/vc_column_text][\/vc_column][\/vc_row][vc_row css=&#8221;.vc_custom_1517572353439{background-color: #383838 !important;background-position: center !important;background-repeat: no-repeat !important;background-size: cover !important;}&#8221;][vc_column css=&#8221;.vc_custom_1517576512423{margin-top: 5px !important;}&#8221;][vc_text_separator title=&#8221;&#8221; color=&#8221;custom&#8221; border_width=&#8221;5&#8243; el_width=&#8221;90&#8243; accent_color=&#8221;#b0e004&#8243;][vc_empty_space height=&#8221;50px&#8221;][\/vc_column][\/vc_row][vc_row css=&#8221;.vc_custom_1517576630593{background-color: #383838 !important;}&#8221;][vc_column css=&#8221;.vc_custom_1517576543337{margin-right: 10% !important;margin-left: 10% !important;}&#8221;][vc_row_inner][vc_column_inner width=&#8221;1\/6&#8243;][vc_single_image image=&#8221;8249&#8243; img_size=&#8221;138&#215;138&#8243; alignment=&#8221;center&#8221; style=&#8221;vc_box_rounded&#8221; onclick=&#8221;custom_link&#8221; img_link_target=&#8221;_blank&#8221; link=&#8221;http:\/\/www.espaistream.tv\/vilanovadelvalles\/&#8221;][\/vc_column_inner][vc_column_inner width=&#8221;2\/3&#8243;][vc_column_text]<span style=\"font-size: 14pt; color: #ffffff; font-family: dekar;\"><strong>VdV Televisi\u00f3<\/strong>, Televisi\u00f3 de Vilanova del Vall\u00e8s \u00e9s la TV municipal per internet de l&#8217;Ajuntament de Vilanova del Vall\u00e8s, aquesta publica mensualment tres reportatges que fan refer\u00e8ncia al municipi de Vilanova del Vall\u00e8s. Els mesos que hi ha Ple Municipal es tracta de la gravaci\u00f3 del Ple m\u00e9s dues not\u00edcies m\u00e9s.<br \/>\nDes de la televisi\u00f3 s\u2019entrevista els protagonistes de les activitats, ja sigui a t\u00edtol individual o com a entitat local.<br \/>\nPlataforma : WebTV<br \/>\nGestionada per: INNODEC.cat des de l&#8217;any 2013.<\/span>[\/vc_column_text][\/vc_column_inner][vc_column_inner width=&#8221;1\/6&#8243;][\/vc_column_inner][\/vc_row_inner][vc_empty_space][vc_row_inner][vc_column_inner width=&#8221;1\/6&#8243;][vc_single_image image=&#8221;8247&#8243; img_size=&#8221;138&#215;138&#8243; alignment=&#8221;center&#8221; style=&#8221;vc_box_rounded&#8221; onclick=&#8221;custom_link&#8221; img_link_target=&#8221;_blank&#8221; link=&#8221;http:\/\/www.radioarenysmunt.cat&#8221;][vc_empty_space height=&#8221;5px&#8221;][vc_single_image image=&#8221;8228&#8243; img_size=&#8221;138&#215;138&#8243; alignment=&#8221;center&#8221; style=&#8221;vc_box_rounded&#8221; onclick=&#8221;custom_link&#8221; img_link_target=&#8221;_blank&#8221; link=&#8221;http:\/\/www.radioarenysmunt.cat\/canal-ajuntament\/&#8221;][\/vc_column_inner][vc_column_inner width=&#8221;2\/3&#8243;][vc_column_text]<span style=\"font-size: 14pt; color: #ffffff; font-family: dekar;\"><strong>AMUNTV<\/strong>, Televisi\u00f3 de&#8217;Arenys de Munt \u00e9s la TV municipal per internet de l&#8217;Ajuntament<br \/>\nd&#8217; Areny de Munt, \u00e9s una televisi\u00f3 que publica reportatges sobre tota d&#8217;actualitat del municipi.<br \/>\nVam implementar i gestionar AmunTV entre el 2013 i 2014 un cop consolidat el projecte , es va fer una formaci\u00f3 del personal de la r\u00e0dio municipal perqu\u00e8 la producci\u00f3 de continguts funciones de forma local.<br \/>\n<\/span><\/p>\n<p><span style=\"font-size: 14pt; color: #ffffff; font-family: dekar;\">Plataforma : R\u00e0dio-WebTV<br \/>\nGestionada per: R\u00e0dio Associaci\u00f3 Arenys de Munt<\/span>[\/vc_column_text][\/vc_column_inner][vc_column_inner width=&#8221;1\/6&#8243;][\/vc_column_inner][\/vc_row_inner][vc_empty_space][\/vc_column][\/vc_row][vc_row css=&#8221;.vc_custom_1517576630593{background-color: #383838 !important;}&#8221;][vc_column css=&#8221;.vc_custom_1517576543337{margin-right: 10% !important;margin-left: 10% !important;}&#8221;][vc_empty_space height=&#8221;100px&#8221;][\/vc_column][\/vc_row]<\/p>\n","protected":false},"excerpt":{"rendered":"<p>[vc_row css=&#8221;.vc_custom_1517572353439{background-color: #383838 !important;background-position: center !important;background-repeat: no-repeat !important;background-size: cover !important;}&#8221;][vc_column width=&#8221;1\/3&#8243; css=&#8221;.vc_custom_1517573079654{margin-top: 150px !important;}&#8221;][vc_empty_space height=&#8221;150xpx&#8221;][vc_column_text css=&#8221;.vc_custom_1521806033167{margin-top: -50px !important;}&#8221;] Espaistream Biz [\/vc_column_text][\/vc_column][vc_column width=&#8221;1\/3&#8243; css=&#8221;.vc_custom_1517575616374{margin-top: 150px !important;}&#8221;][vc_empty_space height=&#8221;150xpx&#8221;][vc_single_image image=&#8221;8069&#8243; img_size=&#8221;150&#215;150&#8243; alignment=&#8221;center&#8221; style=&#8221;vc_box_rounded&#8221; css_animation=&#8221;top-to-bottom&#8221;][vc_column_text] Espaistream Local [\/vc_column_text][\/vc_column][vc_column width=&#8221;1\/3&#8243; css=&#8221;.vc_custom_1517575626069{margin-top: 150px !important;}&#8221;][vc_empty_space height=&#8221;150xpx&#8221;][vc_column_text css=&#8221;.vc_custom_1521806088820{margin-top: -50px !important;}&#8221;] Espaistream Live [\/vc_column_text][\/vc_column][\/vc_row][vc_row&#8230;<\/p>\n","protected":false},"author":1,"featured_media":0,"parent":0,"menu_order":0,"comment_status":"closed","ping_status":"closed","template":"full-width.php","meta":{"footnotes":""},"class_list":["post-8130","page","type-page","status-publish","hentry"],"jetpack_sharing_enabled":true,"_links":{"self":[{"href":"http:\/\/www.espaistream.tv\/es\/wp-json\/wp\/v2\/pages\/8130","targetHints":{"allow":["GET"]}}],"collection":[{"href":"http:\/\/www.espaistream.tv\/es\/wp-json\/wp\/v2\/pages"}],"about":[{"href":"http:\/\/www.espaistream.tv\/es\/wp-json\/wp\/v2\/types\/page"}],"author":[{"embeddable":true,"href":"http:\/\/www.espaistream.tv\/es\/wp-json\/wp\/v2\/users\/1"}],"replies":[{"embeddable":true,"href":"http:\/\/www.espaistream.tv\/es\/wp-json\/wp\/v2\/comments?post=8130"}],"version-history":[{"count":124,"href":"http:\/\/www.espaistream.tv\/es\/wp-json\/wp\/v2\/pages\/8130\/revisions"}],"predecessor-version":[{"id":8869,"href":"http:\/\/www.espaistream.tv\/es\/wp-json\/wp\/v2\/pages\/8130\/revisions\/8869"}],"wp:attachment":[{"href":"http:\/\/www.espaistream.tv\/es\/wp-json\/wp\/v2\/media?parent=8130"}],"curies":[{"name":"wp","href":"https:\/\/api.w.org\/{rel}","templated":true}]}}